{"id":1182,"date":"2024-10-20T13:23:13","date_gmt":"2024-10-20T11:23:13","guid":{"rendered":"http:\/\/www.espace21.be\/site\/?page_id=1182"},"modified":"2024-10-20T13:23:30","modified_gmt":"2024-10-20T11:23:30","slug":"margaux","status":"publish","type":"page","link":"http:\/\/www.espace21.be\/site\/?page_id=1182","title":{"rendered":"Margaux Lemaire"},"content":{"rendered":"\n<p>Danseuse depuis mon plus jeune \u00e2ge, j&rsquo;ai suivi les pas de ma maman. J&rsquo;ai d&rsquo;abord \u00e9t\u00e9 form\u00e9e \u00e0 tout un tas de diff\u00e9rents styles chez Espace 21. J&rsquo;ai ensuite suivi les humanit\u00e9s artistiques de l&rsquo;Acad\u00e9mie Gretry o\u00f9 j&rsquo;ai d\u00e9velopp\u00e9 ma technique et o\u00f9 j&rsquo;ai obtenu mon dipl\u00f4me de danse. Ayant travaill\u00e9 pour plusieurs artistes, je me suis d\u00e9velopp\u00e9e dans plusieurs styles, du contemporain \u00e0 la bachata, au fil des ann\u00e9es. \u00c0 mon cours de Girly, j&rsquo;aide mes \u00e9l\u00e8ves \u00e0 d\u00e9velopper leur confiance en elles et \u00e0 se sentir \u00e0 l&rsquo;aise avec leur corps et leur f\u00e9minit\u00e9 tout en leur apprenant l&rsquo;aisance sur<br>talons hauts.<\/p>\n\n\n\n<figure class=\"wp-block-gallery has-nested-images columns-default is-cropped wp-block-gallery-1 is-layout-flex wp-block-gallery-is-layout-flex\">\n<figure class=\"wp-block-image size-large\"><a href=\"http:\/\/www.espace21.be\/site\/wp-content\/uploads\/2024\/10\/295960073_10160963336983514_4667183414060731486_n.jpg\"><img loading=\"lazy\" decoding=\"async\" width=\"683\" height=\"1024\" data-id=\"1183\" src=\"http:\/\/www.espace21.be\/site\/wp-content\/uploads\/2024\/10\/295960073_10160963336983514_4667183414060731486_n-683x1024.jpg\" alt=\"\" class=\"wp-image-1183\" srcset=\"http:\/\/www.espace21.be\/site\/wp-content\/uploads\/2024\/10\/295960073_10160963336983514_4667183414060731486_n-683x1024.jpg 683w, http:\/\/www.espace21.be\/site\/wp-content\/uploads\/2024\/10\/295960073_10160963336983514_4667183414060731486_n-200x300.jpg 200w, http:\/\/www.espace21.be\/site\/wp-content\/uploads\/2024\/10\/295960073_10160963336983514_4667183414060731486_n-768x1152.jpg 768w, http:\/\/www.espace21.be\/site\/wp-content\/uploads\/2024\/10\/295960073_10160963336983514_4667183414060731486_n-1024x1536.jpg 1024w, http:\/\/www.espace21.be\/site\/wp-content\/uploads\/2024\/10\/295960073_10160963336983514_4667183414060731486_n-750x1125.jpg 750w, http:\/\/www.espace21.be\/site\/wp-content\/uploads\/2024\/10\/295960073_10160963336983514_4667183414060731486_n.jpg 1067w\" sizes=\"auto, (max-width: 683px) 100vw, 683px\" \/><\/a><\/figure>\n\n\n\n<figure class=\"wp-block-image size-large\"><a href=\"http:\/\/www.espace21.be\/site\/wp-content\/uploads\/2024\/10\/296117406_10160967399513514_8852022460782084517_n.jpg\"><img loading=\"lazy\" decoding=\"async\" width=\"683\" height=\"1024\" data-id=\"1185\" src=\"http:\/\/www.espace21.be\/site\/wp-content\/uploads\/2024\/10\/296117406_10160967399513514_8852022460782084517_n-683x1024.jpg\" alt=\"\" class=\"wp-image-1185\" srcset=\"http:\/\/www.espace21.be\/site\/wp-content\/uploads\/2024\/10\/296117406_10160967399513514_8852022460782084517_n-683x1024.jpg 683w, http:\/\/www.espace21.be\/site\/wp-content\/uploads\/2024\/10\/296117406_10160967399513514_8852022460782084517_n-200x300.jpg 200w, http:\/\/www.espace21.be\/site\/wp-content\/uploads\/2024\/10\/296117406_10160967399513514_8852022460782084517_n-768x1152.jpg 768w, http:\/\/www.espace21.be\/site\/wp-content\/uploads\/2024\/10\/296117406_10160967399513514_8852022460782084517_n-1024x1536.jpg 1024w, http:\/\/www.espace21.be\/site\/wp-content\/uploads\/2024\/10\/296117406_10160967399513514_8852022460782084517_n-750x1125.jpg 750w, http:\/\/www.espace21.be\/site\/wp-content\/uploads\/2024\/10\/296117406_10160967399513514_8852022460782084517_n.jpg 1067w\" sizes=\"auto, (max-width: 683px) 100vw, 683px\" \/><\/a><\/figure>\n\n\n\n<figure class=\"wp-block-image size-large\"><a href=\"http:\/\/www.espace21.be\/site\/wp-content\/uploads\/2024\/10\/296222415_10160967399398514_3688695185964075215_n.jpg\"><img loading=\"lazy\" decoding=\"async\" width=\"683\" height=\"1024\" data-id=\"1186\" src=\"http:\/\/www.espace21.be\/site\/wp-content\/uploads\/2024\/10\/296222415_10160967399398514_3688695185964075215_n-683x1024.jpg\" alt=\"\" class=\"wp-image-1186\" srcset=\"http:\/\/www.espace21.be\/site\/wp-content\/uploads\/2024\/10\/296222415_10160967399398514_3688695185964075215_n-683x1024.jpg 683w, http:\/\/www.espace21.be\/site\/wp-content\/uploads\/2024\/10\/296222415_10160967399398514_3688695185964075215_n-200x300.jpg 200w, http:\/\/www.espace21.be\/site\/wp-content\/uploads\/2024\/10\/296222415_10160967399398514_3688695185964075215_n-768x1152.jpg 768w, http:\/\/www.espace21.be\/site\/wp-content\/uploads\/2024\/10\/296222415_10160967399398514_3688695185964075215_n-1024x1536.jpg 1024w, http:\/\/www.espace21.be\/site\/wp-content\/uploads\/2024\/10\/296222415_10160967399398514_3688695185964075215_n-750x1125.jpg 750w, http:\/\/www.espace21.be\/site\/wp-content\/uploads\/2024\/10\/296222415_10160967399398514_3688695185964075215_n.jpg 1067w\" sizes=\"auto, (max-width: 683px) 100vw, 683px\" \/><\/a><\/figure>\n\n\n\n<figure class=\"wp-block-image size-large\"><a href=\"http:\/\/www.espace21.be\/site\/wp-content\/uploads\/2024\/10\/453589372_804721595123581_5329899619504092455_n.jpg\"><img loading=\"lazy\" decoding=\"async\" width=\"688\" height=\"1024\" data-id=\"1184\" src=\"http:\/\/www.espace21.be\/site\/wp-content\/uploads\/2024\/10\/453589372_804721595123581_5329899619504092455_n-688x1024.jpg\" alt=\"\" class=\"wp-image-1184\" srcset=\"http:\/\/www.espace21.be\/site\/wp-content\/uploads\/2024\/10\/453589372_804721595123581_5329899619504092455_n-688x1024.jpg 688w, http:\/\/www.espace21.be\/site\/wp-content\/uploads\/2024\/10\/453589372_804721595123581_5329899619504092455_n-202x300.jpg 202w, http:\/\/www.espace21.be\/site\/wp-content\/uploads\/2024\/10\/453589372_804721595123581_5329899619504092455_n-768x1142.jpg 768w, http:\/\/www.espace21.be\/site\/wp-content\/uploads\/2024\/10\/453589372_804721595123581_5329899619504092455_n-1033x1536.jpg 1033w, http:\/\/www.espace21.be\/site\/wp-content\/uploads\/2024\/10\/453589372_804721595123581_5329899619504092455_n-750x1116.jpg 750w, http:\/\/www.espace21.be\/site\/wp-content\/uploads\/2024\/10\/453589372_804721595123581_5329899619504092455_n.jpg 1284w\" sizes=\"auto, (max-width: 688px) 100vw, 688px\" \/><\/a><\/figure>\n\n\n\n<figure class=\"wp-block-image size-large\"><a href=\"http:\/\/www.espace21.be\/site\/wp-content\/uploads\/2024\/10\/291987558_10160927757063514_8784977005530672248_n.jpg\"><img loading=\"lazy\" decoding=\"async\" width=\"683\" height=\"1024\" data-id=\"1187\" src=\"http:\/\/www.espace21.be\/site\/wp-content\/uploads\/2024\/10\/291987558_10160927757063514_8784977005530672248_n-683x1024.jpg\" alt=\"\" class=\"wp-image-1187\" srcset=\"http:\/\/www.espace21.be\/site\/wp-content\/uploads\/2024\/10\/291987558_10160927757063514_8784977005530672248_n-683x1024.jpg 683w, http:\/\/www.espace21.be\/site\/wp-content\/uploads\/2024\/10\/291987558_10160927757063514_8784977005530672248_n-200x300.jpg 200w, http:\/\/www.espace21.be\/site\/wp-content\/uploads\/2024\/10\/291987558_10160927757063514_8784977005530672248_n-768x1152.jpg 768w, http:\/\/www.espace21.be\/site\/wp-content\/uploads\/2024\/10\/291987558_10160927757063514_8784977005530672248_n-1024x1536.jpg 1024w, http:\/\/www.espace21.be\/site\/wp-content\/uploads\/2024\/10\/291987558_10160927757063514_8784977005530672248_n-750x1125.jpg 750w, http:\/\/www.espace21.be\/site\/wp-content\/uploads\/2024\/10\/291987558_10160927757063514_8784977005530672248_n.jpg 1067w\" sizes=\"auto, (max-width: 683px) 100vw, 683px\" \/><\/a><\/figure>\n<\/figure>\n","protected":false},"excerpt":{"rendered":"<p>Danseuse depuis mon plus jeune \u00e2ge, j&rsquo;ai suivi les pas de ma maman. J&rsquo;ai d&rsquo;abord \u00e9t\u00e9 form\u00e9e \u00e0 tout un tas de diff\u00e9rents styles chez Espace 21. J&rsquo;ai ensuite suivi les humanit\u00e9s artistiques de l&rsquo;Acad\u00e9mie Gretry o\u00f9 j&rsquo;ai d\u00e9velopp\u00e9 ma technique et o\u00f9 j&rsquo;ai obtenu mon dipl\u00f4me de danse. Ayant travaill\u00e9 pour plusieurs artistes, je &hellip; <\/p>\n<p><a class=\"more-link btn\" href=\"http:\/\/www.espace21.be\/site\/?page_id=1182\">Lire la suite<\/a><\/p>\n","protected":false},"author":5,"featured_media":0,"parent":0,"menu_order":0,"comment_status":"closed","ping_status":"closed","template":"","meta":{"footnotes":""},"class_list":["post-1182","page","type-page","status-publish","hentry","nodate","item-wrap"],"_links":{"self":[{"href":"http:\/\/www.espace21.be\/site\/index.php?rest_route=\/wp\/v2\/pages\/1182","targetHints":{"allow":["GET"]}}],"collection":[{"href":"http:\/\/www.espace21.be\/site\/index.php?rest_route=\/wp\/v2\/pages"}],"about":[{"href":"http:\/\/www.espace21.be\/site\/index.php?rest_route=\/wp\/v2\/types\/page"}],"author":[{"embeddable":true,"href":"http:\/\/www.espace21.be\/site\/index.php?rest_route=\/wp\/v2\/users\/5"}],"replies":[{"embeddable":true,"href":"http:\/\/www.espace21.be\/site\/index.php?rest_route=%2Fwp%2Fv2%2Fcomments&post=1182"}],"version-history":[{"count":2,"href":"http:\/\/www.espace21.be\/site\/index.php?rest_route=\/wp\/v2\/pages\/1182\/revisions"}],"predecessor-version":[{"id":1189,"href":"http:\/\/www.espace21.be\/site\/index.php?rest_route=\/wp\/v2\/pages\/1182\/revisions\/1189"}],"wp:attachment":[{"href":"http:\/\/www.espace21.be\/site\/index.php?rest_route=%2Fwp%2Fv2%2Fmedia&parent=1182"}],"curies":[{"name":"wp","href":"https:\/\/api.w.org\/{rel}","templated":true}]}}