{"id":888,"date":"2023-08-31T18:18:28","date_gmt":"2023-08-31T16:18:28","guid":{"rendered":"http:\/\/www.espace21.be\/site\/?page_id=888"},"modified":"2024-10-20T13:47:42","modified_gmt":"2024-10-20T11:47:42","slug":"solange-reconnu","status":"publish","type":"page","link":"http:\/\/www.espace21.be\/site\/?page_id=888","title":{"rendered":"Solange Reconnu"},"content":{"rendered":"\n<p>L&rsquo;apprentissage de la danse s&rsquo;est d&rsquo;abord effectu\u00e9 dans la rue sous forme de battle. Ensuite pour se perfectionner, elle a suivi des cours avec les talentueux Marty Kudelka, Eddie Morales et Sky. En ce qui concerne le dancehall, elle s&rsquo;est perform\u00e9e avec des danseuses confirm\u00e9es de l&rsquo;\u00eele de la r\u00e9union, la Martinique et la Jama\u00efque.<\/p>\n\n\n\n<p>Chor\u00e9graphe et danseuse pour les \u00e9v\u00e8nements dans la r\u00e9gion li\u00e9geoise comme l&rsquo;ouverture de concessionnaires de voiture de luxe, d&rsquo;\u00e9coles de danse, et d&rsquo;\u00e9v\u00e8nements pour des boutiques li\u00e9geoises plus que renomm\u00e9es (ex : magasin Radical) ou encore pour les galas de boxe sur la Belgique durant de nombreuses ann\u00e9es . <\/p>\n\n\n\n<p>Elle a dans\u00e9 pour la \u00ab\u00a0supreme team\u00a0\u00bb (Mondial) durant 10 ans et particip\u00e9 \u00e0 de nombreux shows durant sa carri\u00e8re.<\/p>\n\n\n\n<figure class=\"wp-block-gallery has-nested-images columns-default is-cropped wp-block-gallery-1 is-layout-flex wp-block-gallery-is-layout-flex\">\n<figure class=\"wp-block-image size-large\"><a href=\"http:\/\/www.espace21.be\/site\/wp-content\/uploads\/2024\/07\/347447402_10161714141638514_6777626884800925322_n.jpg\"><img loading=\"lazy\" decoding=\"async\" width=\"683\" height=\"1024\" data-id=\"1129\" src=\"http:\/\/www.espace21.be\/site\/wp-content\/uploads\/2024\/07\/347447402_10161714141638514_6777626884800925322_n-683x1024.jpg\" alt=\"\" class=\"wp-image-1129\" srcset=\"http:\/\/www.espace21.be\/site\/wp-content\/uploads\/2024\/07\/347447402_10161714141638514_6777626884800925322_n-683x1024.jpg 683w, http:\/\/www.espace21.be\/site\/wp-content\/uploads\/2024\/07\/347447402_10161714141638514_6777626884800925322_n-200x300.jpg 200w, http:\/\/www.espace21.be\/site\/wp-content\/uploads\/2024\/07\/347447402_10161714141638514_6777626884800925322_n-768x1152.jpg 768w, http:\/\/www.espace21.be\/site\/wp-content\/uploads\/2024\/07\/347447402_10161714141638514_6777626884800925322_n-1024x1536.jpg 1024w, http:\/\/www.espace21.be\/site\/wp-content\/uploads\/2024\/07\/347447402_10161714141638514_6777626884800925322_n-750x1125.jpg 750w, http:\/\/www.espace21.be\/site\/wp-content\/uploads\/2024\/07\/347447402_10161714141638514_6777626884800925322_n.jpg 1365w\" sizes=\"auto, (max-width: 683px) 100vw, 683px\" \/><\/a><\/figure>\n\n\n\n<figure class=\"wp-block-image size-large\"><a href=\"http:\/\/www.espace21.be\/site\/wp-content\/uploads\/2024\/07\/368032051_10161798129573514_1053674240543650724_n.jpg\"><img loading=\"lazy\" decoding=\"async\" width=\"683\" height=\"1024\" data-id=\"1131\" src=\"http:\/\/www.espace21.be\/site\/wp-content\/uploads\/2024\/07\/368032051_10161798129573514_1053674240543650724_n-683x1024.jpg\" alt=\"\" class=\"wp-image-1131\" srcset=\"http:\/\/www.espace21.be\/site\/wp-content\/uploads\/2024\/07\/368032051_10161798129573514_1053674240543650724_n-683x1024.jpg 683w, http:\/\/www.espace21.be\/site\/wp-content\/uploads\/2024\/07\/368032051_10161798129573514_1053674240543650724_n-200x300.jpg 200w, http:\/\/www.espace21.be\/site\/wp-content\/uploads\/2024\/07\/368032051_10161798129573514_1053674240543650724_n-768x1152.jpg 768w, http:\/\/www.espace21.be\/site\/wp-content\/uploads\/2024\/07\/368032051_10161798129573514_1053674240543650724_n-1024x1536.jpg 1024w, http:\/\/www.espace21.be\/site\/wp-content\/uploads\/2024\/07\/368032051_10161798129573514_1053674240543650724_n-750x1125.jpg 750w, http:\/\/www.espace21.be\/site\/wp-content\/uploads\/2024\/07\/368032051_10161798129573514_1053674240543650724_n.jpg 1365w\" sizes=\"auto, (max-width: 683px) 100vw, 683px\" \/><\/a><\/figure>\n\n\n\n<figure class=\"wp-block-image size-large\"><a href=\"http:\/\/www.espace21.be\/site\/wp-content\/uploads\/2024\/07\/347550364_10161714142058514_4745967198182588408_n.jpg\"><img loading=\"lazy\" decoding=\"async\" width=\"1024\" height=\"683\" data-id=\"1130\" src=\"http:\/\/www.espace21.be\/site\/wp-content\/uploads\/2024\/07\/347550364_10161714142058514_4745967198182588408_n-1024x683.jpg\" alt=\"\" class=\"wp-image-1130\" srcset=\"http:\/\/www.espace21.be\/site\/wp-content\/uploads\/2024\/07\/347550364_10161714142058514_4745967198182588408_n-1024x683.jpg 1024w, http:\/\/www.espace21.be\/site\/wp-content\/uploads\/2024\/07\/347550364_10161714142058514_4745967198182588408_n-300x200.jpg 300w, http:\/\/www.espace21.be\/site\/wp-content\/uploads\/2024\/07\/347550364_10161714142058514_4745967198182588408_n-768x512.jpg 768w, http:\/\/www.espace21.be\/site\/wp-content\/uploads\/2024\/07\/347550364_10161714142058514_4745967198182588408_n-1536x1024.jpg 1536w, http:\/\/www.espace21.be\/site\/wp-content\/uploads\/2024\/07\/347550364_10161714142058514_4745967198182588408_n-750x500.jpg 750w, http:\/\/www.espace21.be\/site\/wp-content\/uploads\/2024\/07\/347550364_10161714142058514_4745967198182588408_n.jpg 2048w\" sizes=\"auto, (max-width: 1024px) 100vw, 1024px\" \/><\/a><\/figure>\n\n\n\n<figure class=\"wp-block-image size-large\"><a href=\"http:\/\/www.espace21.be\/site\/wp-content\/uploads\/2024\/10\/297626058_10160974742878514_4702791417192854456_n.jpg\"><img loading=\"lazy\" decoding=\"async\" width=\"1024\" height=\"683\" data-id=\"1206\" src=\"http:\/\/www.espace21.be\/site\/wp-content\/uploads\/2024\/10\/297626058_10160974742878514_4702791417192854456_n-1024x683.jpg\" alt=\"\" class=\"wp-image-1206\" srcset=\"http:\/\/www.espace21.be\/site\/wp-content\/uploads\/2024\/10\/297626058_10160974742878514_4702791417192854456_n-1024x683.jpg 1024w, http:\/\/www.espace21.be\/site\/wp-content\/uploads\/2024\/10\/297626058_10160974742878514_4702791417192854456_n-300x200.jpg 300w, http:\/\/www.espace21.be\/site\/wp-content\/uploads\/2024\/10\/297626058_10160974742878514_4702791417192854456_n-768x512.jpg 768w, http:\/\/www.espace21.be\/site\/wp-content\/uploads\/2024\/10\/297626058_10160974742878514_4702791417192854456_n-1536x1024.jpg 1536w, http:\/\/www.espace21.be\/site\/wp-content\/uploads\/2024\/10\/297626058_10160974742878514_4702791417192854456_n-750x500.jpg 750w, http:\/\/www.espace21.be\/site\/wp-content\/uploads\/2024\/10\/297626058_10160974742878514_4702791417192854456_n.jpg 1600w\" sizes=\"auto, (max-width: 1024px) 100vw, 1024px\" \/><\/a><\/figure>\n<\/figure>\n","protected":false},"excerpt":{"rendered":"<p>L&rsquo;apprentissage de la danse s&rsquo;est d&rsquo;abord effectu\u00e9 dans la rue sous forme de battle. Ensuite pour se perfectionner, elle a suivi des cours avec les talentueux Marty Kudelka, Eddie Morales et Sky. En ce qui concerne le dancehall, elle s&rsquo;est perform\u00e9e avec des danseuses confirm\u00e9es de l&rsquo;\u00eele de la r\u00e9union, la Martinique et la Jama\u00efque. &hellip; <\/p>\n<p><a class=\"more-link btn\" href=\"http:\/\/www.espace21.be\/site\/?page_id=888\">Lire la suite<\/a><\/p>\n","protected":false},"author":5,"featured_media":814,"parent":0,"menu_order":0,"comment_status":"closed","ping_status":"closed","template":"","meta":{"footnotes":""},"class_list":["post-888","page","type-page","status-publish","has-post-thumbnail","hentry","nodate","item-wrap"],"_links":{"self":[{"href":"http:\/\/www.espace21.be\/site\/index.php?rest_route=\/wp\/v2\/pages\/888","targetHints":{"allow":["GET"]}}],"collection":[{"href":"http:\/\/www.espace21.be\/site\/index.php?rest_route=\/wp\/v2\/pages"}],"about":[{"href":"http:\/\/www.espace21.be\/site\/index.php?rest_route=\/wp\/v2\/types\/page"}],"author":[{"embeddable":true,"href":"http:\/\/www.espace21.be\/site\/index.php?rest_route=\/wp\/v2\/users\/5"}],"replies":[{"embeddable":true,"href":"http:\/\/www.espace21.be\/site\/index.php?rest_route=%2Fwp%2Fv2%2Fcomments&post=888"}],"version-history":[{"count":3,"href":"http:\/\/www.espace21.be\/site\/index.php?rest_route=\/wp\/v2\/pages\/888\/revisions"}],"predecessor-version":[{"id":1207,"href":"http:\/\/www.espace21.be\/site\/index.php?rest_route=\/wp\/v2\/pages\/888\/revisions\/1207"}],"wp:featuredmedia":[{"embeddable":true,"href":"http:\/\/www.espace21.be\/site\/index.php?rest_route=\/wp\/v2\/media\/814"}],"wp:attachment":[{"href":"http:\/\/www.espace21.be\/site\/index.php?rest_route=%2Fwp%2Fv2%2Fmedia&parent=888"}],"curies":[{"name":"wp","href":"https:\/\/api.w.org\/{rel}","templated":true}]}}